{"id":806,"date":"2021-11-27T11:27:09","date_gmt":"2021-11-27T10:27:09","guid":{"rendered":"https:\/\/psymclean.wearemanyfold.com\/?page_id=806"},"modified":"2023-03-17T17:24:45","modified_gmt":"2023-03-17T16:24:45","slug":"approche-therapeutique","status":"publish","type":"page","link":"https:\/\/psymclean.com\/fr\/approach\/","title":{"rendered":"Approche"},"content":{"rendered":"<p>La Th\u00e9rapie Analytique est une th\u00e9rapie centr\u00e9e sur la personne. Elle accueille le ressenti, et donne toute son importance \u00e0 l\u2019exp\u00e9rience individuelle. D\u2019orientation psychanalytique, elle se tourne vers l\u2019inconscient pour en r\u00e9v\u00e9ler le fonctionnement et y donner sens.<\/p>","protected":false},"excerpt":{"rendered":"<p>Analytic therapy aims to improve well-being by identifying underlying thoughts, beliefs and feelings that cause us to act and react in certain ways. Once we are able to recognise these patterns in our own life, understand and integrate them as part of ourselves, we become freer to try out new ways of thinking, feeling and [&hellip;]<\/p>\n","protected":false},"author":3,"featured_media":0,"parent":0,"menu_order":3,"comment_status":"closed","ping_status":"closed","template":"","meta":{"_acf_changed":false,"inline_featured_image":false,"footnotes":""},"class_list":["post-806","page","type-page","status-publish","hentry"],"acf":[],"yoast_head":"<!-- This site is optimized with the Yoast SEO plugin v27.4 - https:\/\/yoast.com\/product\/yoast-seo-wordpress\/ -->\n<title>Manuelle McLean - Approach<\/title>\n<meta name=\"description\" content=\"Discover Manuelle McLean&#039;s approach and what sessions will be like. Manuelle McLean is an analytic therapist based in Montpellier, France.\" \/>\n<meta name=\"robots\" content=\"index, follow, max-snippet:-1, max-image-preview:large, max-video-preview:-1\" \/>\n<link rel=\"canonical\" href=\"https:\/\/psymclean.com\/fr\/approche-therapeutique\/\" \/>\n<meta property=\"og:locale\" content=\"fr_FR\" \/>\n<meta property=\"og:type\" content=\"article\" \/>\n<meta property=\"og:title\" content=\"Manuelle McLean - Approach\" \/>\n<meta property=\"og:description\" content=\"Discover Manuelle McLean&#039;s approach and what sessions will be like. Manuelle McLean is an analytic therapist based in Montpellier, France.\" \/>\n<meta property=\"og:url\" content=\"https:\/\/psymclean.com\/fr\/approche-therapeutique\/\" \/>\n<meta property=\"og:site_name\" content=\"Manuelle McLean\" \/>\n<meta property=\"article:modified_time\" content=\"2023-03-17T16:24:45+00:00\" \/>\n<meta name=\"twitter:card\" content=\"summary_large_image\" \/>\n<meta name=\"twitter:label1\" content=\"Dur\u00e9e de lecture estim\u00e9e\" \/>\n\t<meta name=\"twitter:data1\" content=\"1 minute\" \/>\n<script type=\"application\/ld+json\" class=\"yoast-schema-graph\">{\"@context\":\"https:\\\/\\\/schema.org\",\"@graph\":[{\"@type\":\"WebPage\",\"@id\":\"https:\\\/\\\/psymclean.com\\\/approach\\\/\",\"url\":\"https:\\\/\\\/psymclean.com\\\/approach\\\/\",\"name\":\"Manuelle McLean - Approach\",\"isPartOf\":{\"@id\":\"https:\\\/\\\/psymclean.com\\\/#website\"},\"datePublished\":\"2021-11-27T10:27:09+00:00\",\"dateModified\":\"2023-03-17T16:24:45+00:00\",\"description\":\"Discover Manuelle McLean's approach and what sessions will be like. Manuelle McLean is an analytic therapist based in Montpellier, France.\",\"breadcrumb\":{\"@id\":\"https:\\\/\\\/psymclean.com\\\/approach\\\/#breadcrumb\"},\"inLanguage\":\"fr-FR\",\"potentialAction\":[{\"@type\":\"ReadAction\",\"target\":[\"https:\\\/\\\/psymclean.com\\\/approach\\\/\"]}]},{\"@type\":\"BreadcrumbList\",\"@id\":\"https:\\\/\\\/psymclean.com\\\/approach\\\/#breadcrumb\",\"itemListElement\":[{\"@type\":\"ListItem\",\"position\":1,\"name\":\"Manuelle McLean\",\"item\":\"https:\\\/\\\/psymclean.com\\\/\"},{\"@type\":\"ListItem\",\"position\":2,\"name\":\"Approach\"}]},{\"@type\":\"WebSite\",\"@id\":\"https:\\\/\\\/psymclean.com\\\/#website\",\"url\":\"https:\\\/\\\/psymclean.com\\\/\",\"name\":\"Manuelle McLean\",\"description\":\"Analytic Therapist\",\"publisher\":{\"@id\":\"https:\\\/\\\/psymclean.com\\\/#\\\/schema\\\/person\\\/266ed06e7577440b610858490beac7b4\"},\"potentialAction\":[{\"@type\":\"SearchAction\",\"target\":{\"@type\":\"EntryPoint\",\"urlTemplate\":\"https:\\\/\\\/psymclean.com\\\/?s={search_term_string}\"},\"query-input\":{\"@type\":\"PropertyValueSpecification\",\"valueRequired\":true,\"valueName\":\"search_term_string\"}}],\"inLanguage\":\"fr-FR\"},{\"@type\":[\"Person\",\"Organization\"],\"@id\":\"https:\\\/\\\/psymclean.com\\\/#\\\/schema\\\/person\\\/266ed06e7577440b610858490beac7b4\",\"name\":\"Manuelle\",\"image\":{\"@type\":\"ImageObject\",\"inLanguage\":\"fr-FR\",\"@id\":\"https:\\\/\\\/psymclean.com\\\/wp-content\\\/uploads\\\/2021\\\/11\\\/mm-logo.svg\",\"url\":\"https:\\\/\\\/psymclean.com\\\/wp-content\\\/uploads\\\/2021\\\/11\\\/mm-logo.svg\",\"contentUrl\":\"https:\\\/\\\/psymclean.com\\\/wp-content\\\/uploads\\\/2021\\\/11\\\/mm-logo.svg\",\"width\":\"1024\",\"height\":\"1024\",\"caption\":\"Manuelle\"},\"logo\":{\"@id\":\"https:\\\/\\\/psymclean.com\\\/wp-content\\\/uploads\\\/2021\\\/11\\\/mm-logo.svg\"}}]}<\/script>\n<!-- \/ Yoast SEO plugin. -->","yoast_head_json":{"title":"Manuelle McLean - Approach","description":"Discover Manuelle McLean's approach and what sessions will be like. Manuelle McLean is an analytic therapist based in Montpellier, France.","robots":{"index":"index","follow":"follow","max-snippet":"max-snippet:-1","max-image-preview":"max-image-preview:large","max-video-preview":"max-video-preview:-1"},"canonical":"https:\/\/psymclean.com\/fr\/approche-therapeutique\/","og_locale":"fr_FR","og_type":"article","og_title":"Manuelle McLean - Approach","og_description":"Discover Manuelle McLean's approach and what sessions will be like. Manuelle McLean is an analytic therapist based in Montpellier, France.","og_url":"https:\/\/psymclean.com\/fr\/approche-therapeutique\/","og_site_name":"Manuelle McLean","article_modified_time":"2023-03-17T16:24:45+00:00","twitter_card":"summary_large_image","twitter_misc":{"Dur\u00e9e de lecture estim\u00e9e":"1 minute"},"schema":{"@context":"https:\/\/schema.org","@graph":[{"@type":"WebPage","@id":"https:\/\/psymclean.com\/approach\/","url":"https:\/\/psymclean.com\/approach\/","name":"Manuelle McLean - Approach","isPartOf":{"@id":"https:\/\/psymclean.com\/#website"},"datePublished":"2021-11-27T10:27:09+00:00","dateModified":"2023-03-17T16:24:45+00:00","description":"Discover Manuelle McLean's approach and what sessions will be like. Manuelle McLean is an analytic therapist based in Montpellier, France.","breadcrumb":{"@id":"https:\/\/psymclean.com\/approach\/#breadcrumb"},"inLanguage":"fr-FR","potentialAction":[{"@type":"ReadAction","target":["https:\/\/psymclean.com\/approach\/"]}]},{"@type":"BreadcrumbList","@id":"https:\/\/psymclean.com\/approach\/#breadcrumb","itemListElement":[{"@type":"ListItem","position":1,"name":"Manuelle McLean","item":"https:\/\/psymclean.com\/"},{"@type":"ListItem","position":2,"name":"Approach"}]},{"@type":"WebSite","@id":"https:\/\/psymclean.com\/#website","url":"https:\/\/psymclean.com\/","name":"Manuelle McLean","description":"Th\u00e9rapeute Analytique","publisher":{"@id":"https:\/\/psymclean.com\/#\/schema\/person\/266ed06e7577440b610858490beac7b4"},"potentialAction":[{"@type":"SearchAction","target":{"@type":"EntryPoint","urlTemplate":"https:\/\/psymclean.com\/?s={search_term_string}"},"query-input":{"@type":"PropertyValueSpecification","valueRequired":true,"valueName":"search_term_string"}}],"inLanguage":"fr-FR"},{"@type":["Person","Organization"],"@id":"https:\/\/psymclean.com\/#\/schema\/person\/266ed06e7577440b610858490beac7b4","name":"Manuelle","image":{"@type":"ImageObject","inLanguage":"fr-FR","@id":"https:\/\/psymclean.com\/wp-content\/uploads\/2021\/11\/mm-logo.svg","url":"https:\/\/psymclean.com\/wp-content\/uploads\/2021\/11\/mm-logo.svg","contentUrl":"https:\/\/psymclean.com\/wp-content\/uploads\/2021\/11\/mm-logo.svg","width":"1024","height":"1024","caption":"Manuelle"},"logo":{"@id":"https:\/\/psymclean.com\/wp-content\/uploads\/2021\/11\/mm-logo.svg"}}]}},"_links":{"self":[{"href":"https:\/\/psymclean.com\/fr\/wp-json\/wp\/v2\/pages\/806","targetHints":{"allow":["GET"]}}],"collection":[{"href":"https:\/\/psymclean.com\/fr\/wp-json\/wp\/v2\/pages"}],"about":[{"href":"https:\/\/psymclean.com\/fr\/wp-json\/wp\/v2\/types\/page"}],"author":[{"embeddable":true,"href":"https:\/\/psymclean.com\/fr\/wp-json\/wp\/v2\/users\/3"}],"replies":[{"embeddable":true,"href":"https:\/\/psymclean.com\/fr\/wp-json\/wp\/v2\/comments?post=806"}],"version-history":[{"count":0,"href":"https:\/\/psymclean.com\/fr\/wp-json\/wp\/v2\/pages\/806\/revisions"}],"wp:attachment":[{"href":"https:\/\/psymclean.com\/fr\/wp-json\/wp\/v2\/media?parent=806"}],"curies":[{"name":"wp","href":"https:\/\/api.w.org\/{rel}","templated":true}]}}