{"id":804,"date":"2021-11-27T11:26:58","date_gmt":"2021-11-27T10:26:58","guid":{"rendered":"https:\/\/psymclean.wearemanyfold.com\/?page_id=804"},"modified":"2023-03-17T17:24:30","modified_gmt":"2023-03-17T16:24:30","slug":"introduction","status":"publish","type":"page","link":"https:\/\/psymclean.com\/fr\/introduction\/","title":{"rendered":"\u00c0 propos"},"content":{"rendered":"<h2><em>Mon parcours professionnel<\/em><\/h2>\n<ul>\n<li>Dipl\u00f4me de Th\u00e9rapeute Analytique-\u00c9cole Internationale de Psychanalyse Appliqu\u00e9e<\/li>\n<li>Membre de la Soci\u00e9t\u00e9 Internationale de Psychanalyse Appliqu\u00e9e<\/li>\n<li>Praticienne en Sant\u00e9 Mentale<\/li>\n<li>Formatrice<\/li>\n<li>Approche Centr\u00e9e sur la Personne<\/li>\n<li>Master en Politique Sociale et DipSW (London School of Economics)<\/li>\n<li>Licence en Psychologie accr\u00e9dit\u00e9e par la British Psychological Society<\/li>\n<\/ul>\n<hr \/>\n<p>J\u2019ai grandi dans une famille bilingue, en Angleterre ainsi qu\u2019en France. Apr\u00e8s une licence en psychologie, j\u2019ai travaill\u00e9 \u00e0 Londres pendant de nombreuses ann\u00e9es dans des services de sant\u00e9 mentale et d'addictions. L\u2019essentiel de mon exp\u00e9rience s\u2019est concentr\u00e9 sur l\u2019\u00e9valuation et le suivi th\u00e9rapeutique de patients en situation de crise, mais aussi \u00e0 long terme. Ceci, ainsi que ma propre exp\u00e9rience d\u2019analyse, a confirm\u00e9 qu\u2019il est plus ais\u00e9 d\u2019avancer lorsque nous avons confiance que le th\u00e9rapeute qui nous accompagne, est \u00e0 la fois attentif, neutre et capable de refl\u00e9ter, et de faire \u00e9merger le sens de nos comportements et de nos ressentis.<\/p>","protected":false},"excerpt":{"rendered":"<p>My professional background Analytical Therapist at the International School of Applied Psychoanalysis Member of the International Society of Applied Psychoanalysis Mental Health Practitioner Practice Teacher Person-Centred Approach MSc Social Policy and DipSW (London School of Economics) BSc Psychology Accredited by British Psychological Society I grew up within a bilingual family, both in France and England. [&hellip;]<\/p>\n","protected":false},"author":3,"featured_media":0,"parent":0,"menu_order":2,"comment_status":"closed","ping_status":"closed","template":"","meta":{"_acf_changed":false,"inline_featured_image":false,"footnotes":""},"class_list":["post-804","page","type-page","status-publish","hentry"],"acf":[],"yoast_head":"<!-- This site is optimized with the Yoast SEO plugin v27.4 - https:\/\/yoast.com\/product\/yoast-seo-wordpress\/ -->\n<title>Manuelle McLean - Analytic Therapist - About<\/title>\n<meta name=\"description\" content=\"find out more about Manuelle McLean&#039;s professional background. Manuelle McLean is an analytic therapist based in Montpellier, France.\" \/>\n<meta name=\"robots\" content=\"index, follow, max-snippet:-1, max-image-preview:large, max-video-preview:-1\" \/>\n<link rel=\"canonical\" href=\"https:\/\/psymclean.com\/fr\/introduction\/\" \/>\n<meta property=\"og:locale\" content=\"fr_FR\" \/>\n<meta property=\"og:type\" content=\"article\" \/>\n<meta property=\"og:title\" content=\"Manuelle McLean - Analytic Therapist - About\" \/>\n<meta property=\"og:description\" content=\"find out more about Manuelle McLean&#039;s professional background. Manuelle McLean is an analytic therapist based in Montpellier, France.\" \/>\n<meta property=\"og:url\" content=\"https:\/\/psymclean.com\/fr\/introduction\/\" \/>\n<meta property=\"og:site_name\" content=\"Manuelle McLean\" \/>\n<meta property=\"article:modified_time\" content=\"2023-03-17T16:24:30+00:00\" \/>\n<meta name=\"twitter:card\" content=\"summary_large_image\" \/>\n<meta name=\"twitter:label1\" content=\"Dur\u00e9e de lecture estim\u00e9e\" \/>\n\t<meta name=\"twitter:data1\" content=\"1 minute\" \/>\n<script type=\"application\/ld+json\" class=\"yoast-schema-graph\">{\"@context\":\"https:\\\/\\\/schema.org\",\"@graph\":[{\"@type\":\"WebPage\",\"@id\":\"https:\\\/\\\/psymclean.com\\\/introduction\\\/\",\"url\":\"https:\\\/\\\/psymclean.com\\\/introduction\\\/\",\"name\":\"Manuelle McLean - Analytic Therapist - About\",\"isPartOf\":{\"@id\":\"https:\\\/\\\/psymclean.com\\\/#website\"},\"datePublished\":\"2021-11-27T10:26:58+00:00\",\"dateModified\":\"2023-03-17T16:24:30+00:00\",\"description\":\"find out more about Manuelle McLean's professional background. Manuelle McLean is an analytic therapist based in Montpellier, France.\",\"breadcrumb\":{\"@id\":\"https:\\\/\\\/psymclean.com\\\/introduction\\\/#breadcrumb\"},\"inLanguage\":\"fr-FR\",\"potentialAction\":[{\"@type\":\"ReadAction\",\"target\":[\"https:\\\/\\\/psymclean.com\\\/introduction\\\/\"]}]},{\"@type\":\"BreadcrumbList\",\"@id\":\"https:\\\/\\\/psymclean.com\\\/introduction\\\/#breadcrumb\",\"itemListElement\":[{\"@type\":\"ListItem\",\"position\":1,\"name\":\"Manuelle McLean\",\"item\":\"https:\\\/\\\/psymclean.com\\\/\"},{\"@type\":\"ListItem\",\"position\":2,\"name\":\"About\"}]},{\"@type\":\"WebSite\",\"@id\":\"https:\\\/\\\/psymclean.com\\\/#website\",\"url\":\"https:\\\/\\\/psymclean.com\\\/\",\"name\":\"Manuelle McLean\",\"description\":\"Analytic Therapist\",\"publisher\":{\"@id\":\"https:\\\/\\\/psymclean.com\\\/#\\\/schema\\\/person\\\/266ed06e7577440b610858490beac7b4\"},\"potentialAction\":[{\"@type\":\"SearchAction\",\"target\":{\"@type\":\"EntryPoint\",\"urlTemplate\":\"https:\\\/\\\/psymclean.com\\\/?s={search_term_string}\"},\"query-input\":{\"@type\":\"PropertyValueSpecification\",\"valueRequired\":true,\"valueName\":\"search_term_string\"}}],\"inLanguage\":\"fr-FR\"},{\"@type\":[\"Person\",\"Organization\"],\"@id\":\"https:\\\/\\\/psymclean.com\\\/#\\\/schema\\\/person\\\/266ed06e7577440b610858490beac7b4\",\"name\":\"Manuelle\",\"image\":{\"@type\":\"ImageObject\",\"inLanguage\":\"fr-FR\",\"@id\":\"https:\\\/\\\/psymclean.com\\\/wp-content\\\/uploads\\\/2021\\\/11\\\/mm-logo.svg\",\"url\":\"https:\\\/\\\/psymclean.com\\\/wp-content\\\/uploads\\\/2021\\\/11\\\/mm-logo.svg\",\"contentUrl\":\"https:\\\/\\\/psymclean.com\\\/wp-content\\\/uploads\\\/2021\\\/11\\\/mm-logo.svg\",\"width\":\"1024\",\"height\":\"1024\",\"caption\":\"Manuelle\"},\"logo\":{\"@id\":\"https:\\\/\\\/psymclean.com\\\/wp-content\\\/uploads\\\/2021\\\/11\\\/mm-logo.svg\"}}]}<\/script>\n<!-- \/ Yoast SEO plugin. -->","yoast_head_json":{"title":"Manuelle McLean - Analytic Therapist - About","description":"find out more about Manuelle McLean's professional background. Manuelle McLean is an analytic therapist based in Montpellier, France.","robots":{"index":"index","follow":"follow","max-snippet":"max-snippet:-1","max-image-preview":"max-image-preview:large","max-video-preview":"max-video-preview:-1"},"canonical":"https:\/\/psymclean.com\/fr\/introduction\/","og_locale":"fr_FR","og_type":"article","og_title":"Manuelle McLean - Analytic Therapist - About","og_description":"find out more about Manuelle McLean's professional background. Manuelle McLean is an analytic therapist based in Montpellier, France.","og_url":"https:\/\/psymclean.com\/fr\/introduction\/","og_site_name":"Manuelle McLean","article_modified_time":"2023-03-17T16:24:30+00:00","twitter_card":"summary_large_image","twitter_misc":{"Dur\u00e9e de lecture estim\u00e9e":"1 minute"},"schema":{"@context":"https:\/\/schema.org","@graph":[{"@type":"WebPage","@id":"https:\/\/psymclean.com\/introduction\/","url":"https:\/\/psymclean.com\/introduction\/","name":"Manuelle McLean - Analytic Therapist - About","isPartOf":{"@id":"https:\/\/psymclean.com\/#website"},"datePublished":"2021-11-27T10:26:58+00:00","dateModified":"2023-03-17T16:24:30+00:00","description":"find out more about Manuelle McLean's professional background. Manuelle McLean is an analytic therapist based in Montpellier, France.","breadcrumb":{"@id":"https:\/\/psymclean.com\/introduction\/#breadcrumb"},"inLanguage":"fr-FR","potentialAction":[{"@type":"ReadAction","target":["https:\/\/psymclean.com\/introduction\/"]}]},{"@type":"BreadcrumbList","@id":"https:\/\/psymclean.com\/introduction\/#breadcrumb","itemListElement":[{"@type":"ListItem","position":1,"name":"Manuelle McLean","item":"https:\/\/psymclean.com\/"},{"@type":"ListItem","position":2,"name":"About"}]},{"@type":"WebSite","@id":"https:\/\/psymclean.com\/#website","url":"https:\/\/psymclean.com\/","name":"Manuelle McLean","description":"Th\u00e9rapeute Analytique","publisher":{"@id":"https:\/\/psymclean.com\/#\/schema\/person\/266ed06e7577440b610858490beac7b4"},"potentialAction":[{"@type":"SearchAction","target":{"@type":"EntryPoint","urlTemplate":"https:\/\/psymclean.com\/?s={search_term_string}"},"query-input":{"@type":"PropertyValueSpecification","valueRequired":true,"valueName":"search_term_string"}}],"inLanguage":"fr-FR"},{"@type":["Person","Organization"],"@id":"https:\/\/psymclean.com\/#\/schema\/person\/266ed06e7577440b610858490beac7b4","name":"Manuelle","image":{"@type":"ImageObject","inLanguage":"fr-FR","@id":"https:\/\/psymclean.com\/wp-content\/uploads\/2021\/11\/mm-logo.svg","url":"https:\/\/psymclean.com\/wp-content\/uploads\/2021\/11\/mm-logo.svg","contentUrl":"https:\/\/psymclean.com\/wp-content\/uploads\/2021\/11\/mm-logo.svg","width":"1024","height":"1024","caption":"Manuelle"},"logo":{"@id":"https:\/\/psymclean.com\/wp-content\/uploads\/2021\/11\/mm-logo.svg"}}]}},"_links":{"self":[{"href":"https:\/\/psymclean.com\/fr\/wp-json\/wp\/v2\/pages\/804","targetHints":{"allow":["GET"]}}],"collection":[{"href":"https:\/\/psymclean.com\/fr\/wp-json\/wp\/v2\/pages"}],"about":[{"href":"https:\/\/psymclean.com\/fr\/wp-json\/wp\/v2\/types\/page"}],"author":[{"embeddable":true,"href":"https:\/\/psymclean.com\/fr\/wp-json\/wp\/v2\/users\/3"}],"replies":[{"embeddable":true,"href":"https:\/\/psymclean.com\/fr\/wp-json\/wp\/v2\/comments?post=804"}],"version-history":[{"count":0,"href":"https:\/\/psymclean.com\/fr\/wp-json\/wp\/v2\/pages\/804\/revisions"}],"wp:attachment":[{"href":"https:\/\/psymclean.com\/fr\/wp-json\/wp\/v2\/media?parent=804"}],"curies":[{"name":"wp","href":"https:\/\/api.w.org\/{rel}","templated":true}]}}