{"id":2,"date":"2021-11-01T00:00:00","date_gmt":"2021-10-31T23:00:00","guid":{"rendered":"https:\/\/ap.wearemanyfold.com\/?page_id=2"},"modified":"2025-06-23T16:39:39","modified_gmt":"2025-06-23T14:39:39","slug":"manuelle-mclean-therapeute-analytique-montpellier-france","status":"publish","type":"page","link":"https:\/\/psymclean.com\/fr\/","title":{"rendered":"Manuelle McLean"},"content":{"rendered":"<h3>Manuelle McLean est membre de la Soci\u00e9t\u00e9 Internationale de Psychanalyse Appliqu\u00e9e (SIPA)<\/h3>\n<p>Suivre une th\u00e9rapie analytique peut nous aider \u00e0 mieux comprendre le sens profond de nos besoins, de nos d\u00e9sirs, et devenir plus attentifs \u00e0 notre voix.<\/p>\n<hr \/>\n<h2>Pourquoi consulter ?<\/h2>\n<p>Nous pouvons tous ressentir le besoin de parler \u00e0 un th\u00e9rapeute quand quelque chose ne va pas. Nos affects peuvent \u00eatre en lien avec les al\u00e9as de l\u2019existence, avec nos rapports aux autres, ou \u00e0 nous m\u00eames. Parfois, les causes de notre mal-\u00eatre sont difficiles \u00e0 accepter, ou \u00e0 cerner.<\/p>\n<p>Choisir de se faire accompagner, dans un espace neutre et confidentiel, peut offrir un cadre s\u00e9curisant pour explorer ce qui se joue en nous, de passer outre les limitations que nous nous imposons, et de r\u00e9tablir une relation de confiance avec nous m\u00eames et les autres.<\/p>","protected":false},"excerpt":{"rendered":"<p>Manuelle McLean is a Member of ISAP, International Society of Applied Psychoanalysis Speaking to a therapist about what is troubling us can help us become more aware of our fundamental needs and desires and more attentive to our voice. Why consult a therapist? We might reach out to a therapist when things don\u2019t feel right. [&hellip;]<\/p>\n","protected":false},"author":3,"featured_media":0,"parent":0,"menu_order":1,"comment_status":"closed","ping_status":"closed","template":"","meta":{"_acf_changed":false,"inline_featured_image":false,"footnotes":""},"class_list":["post-2","page","type-page","status-publish","hentry"],"acf":[],"yoast_head":"<!-- This site is optimized with the Yoast SEO plugin v27.3 - https:\/\/yoast.com\/product\/yoast-seo-wordpress\/ -->\n<title>Manuelle McLean - Analytic Therapist<\/title>\n<meta name=\"description\" content=\"Manuelle McLean is a bilingual Analytic Therapist in Montpellier, France. She is a Member of ISAP, International Society of Applied Psychoanalysis.\" \/>\n<meta name=\"robots\" content=\"index, follow, max-snippet:-1, max-image-preview:large, max-video-preview:-1\" \/>\n<link rel=\"canonical\" href=\"https:\/\/psymclean.com\/fr\/\" \/>\n<meta property=\"og:locale\" content=\"fr_FR\" \/>\n<meta property=\"og:type\" content=\"article\" \/>\n<meta property=\"og:title\" content=\"Manuelle McLean - Analytic Therapist\" \/>\n<meta property=\"og:description\" content=\"Manuelle McLean is a bilingual Analytic Therapist in Montpellier, France. She is a Member of ISAP, International Society of Applied Psychoanalysis.\" \/>\n<meta property=\"og:url\" content=\"https:\/\/psymclean.com\/fr\/\" \/>\n<meta property=\"og:site_name\" content=\"Manuelle McLean\" \/>\n<meta property=\"article:modified_time\" content=\"2025-06-23T14:39:39+00:00\" \/>\n<meta name=\"twitter:card\" content=\"summary_large_image\" \/>\n<meta name=\"twitter:label1\" content=\"Dur\u00e9e de lecture estim\u00e9e\" \/>\n\t<meta name=\"twitter:data1\" content=\"1 minute\" \/>\n<script type=\"application\/ld+json\" class=\"yoast-schema-graph\">{\"@context\":\"https:\\\/\\\/schema.org\",\"@graph\":[{\"@type\":\"WebPage\",\"@id\":\"https:\\\/\\\/psymclean.com\\\/\",\"url\":\"https:\\\/\\\/psymclean.com\\\/\",\"name\":\"Manuelle McLean - Analytic Therapist\",\"isPartOf\":{\"@id\":\"https:\\\/\\\/psymclean.com\\\/#website\"},\"datePublished\":\"2021-10-31T23:00:00+00:00\",\"dateModified\":\"2025-06-23T14:39:39+00:00\",\"description\":\"Manuelle McLean is a bilingual Analytic Therapist in Montpellier, France. She is a Member of ISAP, International Society of Applied Psychoanalysis.\",\"breadcrumb\":{\"@id\":\"https:\\\/\\\/psymclean.com\\\/#breadcrumb\"},\"inLanguage\":\"fr-FR\",\"potentialAction\":[{\"@type\":\"ReadAction\",\"target\":[\"https:\\\/\\\/psymclean.com\\\/\"]}]},{\"@type\":\"BreadcrumbList\",\"@id\":\"https:\\\/\\\/psymclean.com\\\/#breadcrumb\",\"itemListElement\":[{\"@type\":\"ListItem\",\"position\":1,\"name\":\"Manuelle McLean\",\"item\":\"https:\\\/\\\/psymclean.com\\\/\"},{\"@type\":\"ListItem\",\"position\":2,\"name\":\"Manuelle McLean\"}]},{\"@type\":\"WebSite\",\"@id\":\"https:\\\/\\\/psymclean.com\\\/#website\",\"url\":\"https:\\\/\\\/psymclean.com\\\/\",\"name\":\"Manuelle McLean\",\"description\":\"Analytic Therapist\",\"publisher\":{\"@id\":\"https:\\\/\\\/psymclean.com\\\/#\\\/schema\\\/person\\\/266ed06e7577440b610858490beac7b4\"},\"potentialAction\":[{\"@type\":\"SearchAction\",\"target\":{\"@type\":\"EntryPoint\",\"urlTemplate\":\"https:\\\/\\\/psymclean.com\\\/?s={search_term_string}\"},\"query-input\":{\"@type\":\"PropertyValueSpecification\",\"valueRequired\":true,\"valueName\":\"search_term_string\"}}],\"inLanguage\":\"fr-FR\"},{\"@type\":[\"Person\",\"Organization\"],\"@id\":\"https:\\\/\\\/psymclean.com\\\/#\\\/schema\\\/person\\\/266ed06e7577440b610858490beac7b4\",\"name\":\"Manuelle\",\"image\":{\"@type\":\"ImageObject\",\"inLanguage\":\"fr-FR\",\"@id\":\"https:\\\/\\\/psymclean.com\\\/wp-content\\\/uploads\\\/2021\\\/11\\\/mm-logo.svg\",\"url\":\"https:\\\/\\\/psymclean.com\\\/wp-content\\\/uploads\\\/2021\\\/11\\\/mm-logo.svg\",\"contentUrl\":\"https:\\\/\\\/psymclean.com\\\/wp-content\\\/uploads\\\/2021\\\/11\\\/mm-logo.svg\",\"width\":\"1024\",\"height\":\"1024\",\"caption\":\"Manuelle\"},\"logo\":{\"@id\":\"https:\\\/\\\/psymclean.com\\\/wp-content\\\/uploads\\\/2021\\\/11\\\/mm-logo.svg\"}}]}<\/script>\n<!-- \/ Yoast SEO plugin. -->","yoast_head_json":{"title":"Manuelle McLean - Th\u00e9rapie analytique","description":"Manuelle McLean est une th\u00e9rapeute d\u2019orientation analytique, bilingue, bas\u00e9e \u00e0 Montpellier. Elle est membre de l'ISAP, Soci\u00e9t\u00e9 Internationale de Psychanalyse Appliqu\u00e9e.","robots":{"index":"index","follow":"follow","max-snippet":"max-snippet:-1","max-image-preview":"max-image-preview:large","max-video-preview":"max-video-preview:-1"},"canonical":"https:\/\/psymclean.com\/fr\/","og_locale":"fr_FR","og_type":"article","og_title":"Manuelle McLean - Analytic Therapist","og_description":"Manuelle McLean is a bilingual Analytic Therapist in Montpellier, France. She is a Member of ISAP, International Society of Applied Psychoanalysis.","og_url":"https:\/\/psymclean.com\/fr\/","og_site_name":"Manuelle McLean","article_modified_time":"2025-06-23T14:39:39+00:00","twitter_card":"summary_large_image","twitter_misc":{"Dur\u00e9e de lecture estim\u00e9e":"1 minute"},"schema":{"@context":"https:\/\/schema.org","@graph":[{"@type":"WebPage","@id":"https:\/\/psymclean.com\/","url":"https:\/\/psymclean.com\/","name":"Manuelle McLean - Th\u00e9rapie analytique","isPartOf":{"@id":"https:\/\/psymclean.com\/#website"},"datePublished":"2021-10-31T23:00:00+00:00","dateModified":"2025-06-23T14:39:39+00:00","description":"Manuelle McLean est une th\u00e9rapeute d\u2019orientation analytique, bilingue, bas\u00e9e \u00e0 Montpellier. Elle est membre de l'ISAP, Soci\u00e9t\u00e9 Internationale de Psychanalyse Appliqu\u00e9e.","breadcrumb":{"@id":"https:\/\/psymclean.com\/#breadcrumb"},"inLanguage":"fr-FR","potentialAction":[{"@type":"ReadAction","target":["https:\/\/psymclean.com\/"]}]},{"@type":"BreadcrumbList","@id":"https:\/\/psymclean.com\/#breadcrumb","itemListElement":[{"@type":"ListItem","position":1,"name":"Manuelle McLean","item":"https:\/\/psymclean.com\/"},{"@type":"ListItem","position":2,"name":"Manuelle McLean"}]},{"@type":"WebSite","@id":"https:\/\/psymclean.com\/#website","url":"https:\/\/psymclean.com\/","name":"Manuelle McLean","description":"Th\u00e9rapeute Analytique","publisher":{"@id":"https:\/\/psymclean.com\/#\/schema\/person\/266ed06e7577440b610858490beac7b4"},"potentialAction":[{"@type":"SearchAction","target":{"@type":"EntryPoint","urlTemplate":"https:\/\/psymclean.com\/?s={search_term_string}"},"query-input":{"@type":"PropertyValueSpecification","valueRequired":true,"valueName":"search_term_string"}}],"inLanguage":"fr-FR"},{"@type":["Person","Organization"],"@id":"https:\/\/psymclean.com\/#\/schema\/person\/266ed06e7577440b610858490beac7b4","name":"Manuelle","image":{"@type":"ImageObject","inLanguage":"fr-FR","@id":"https:\/\/psymclean.com\/wp-content\/uploads\/2021\/11\/mm-logo.svg","url":"https:\/\/psymclean.com\/wp-content\/uploads\/2021\/11\/mm-logo.svg","contentUrl":"https:\/\/psymclean.com\/wp-content\/uploads\/2021\/11\/mm-logo.svg","width":"1024","height":"1024","caption":"Manuelle"},"logo":{"@id":"https:\/\/psymclean.com\/wp-content\/uploads\/2021\/11\/mm-logo.svg"}}]}},"_links":{"self":[{"href":"https:\/\/psymclean.com\/fr\/wp-json\/wp\/v2\/pages\/2","targetHints":{"allow":["GET"]}}],"collection":[{"href":"https:\/\/psymclean.com\/fr\/wp-json\/wp\/v2\/pages"}],"about":[{"href":"https:\/\/psymclean.com\/fr\/wp-json\/wp\/v2\/types\/page"}],"author":[{"embeddable":true,"href":"https:\/\/psymclean.com\/fr\/wp-json\/wp\/v2\/users\/3"}],"replies":[{"embeddable":true,"href":"https:\/\/psymclean.com\/fr\/wp-json\/wp\/v2\/comments?post=2"}],"version-history":[{"count":0,"href":"https:\/\/psymclean.com\/fr\/wp-json\/wp\/v2\/pages\/2\/revisions"}],"wp:attachment":[{"href":"https:\/\/psymclean.com\/fr\/wp-json\/wp\/v2\/media?parent=2"}],"curies":[{"name":"wp","href":"https:\/\/api.w.org\/{rel}","templated":true}]}}